{"id":2265,"date":"2021-12-03T15:36:06","date_gmt":"2021-12-03T14:36:06","guid":{"rendered":"https:\/\/www.hostelpresov.sk\/?page_id=2265"},"modified":"2021-12-03T16:33:58","modified_gmt":"2021-12-03T15:33:58","slug":"o-nas","status":"publish","type":"page","link":"https:\/\/www.hostelpresov.sk\/index.php\/o-nas\/","title":{"rendered":"O n\u00e1s"},"content":{"rendered":"<div data-colibri-id=\"2265-c1\" class=\"style-915 style-local-2265-c1 position-relative\">\n  <!---->\n  <div data-colibri-component=\"section\" data-colibri-id=\"2265-c14\" id=\"custom-3\" class=\"h-section h-section-global-spacing d-flex align-items-lg-center align-items-md-center align-items-center style-928 style-local-2265-c14 position-relative\">\n    <!---->\n    <!---->\n    <div class=\"h-section-grid-container h-section-boxed-container\">\n      <!---->\n      <div data-colibri-id=\"2265-c15\" class=\"h-row-container gutters-row-lg-2 gutters-row-md-2 gutters-row-0 gutters-row-v-lg-2 gutters-row-v-md-2 gutters-row-v-2 style-929 style-local-2265-c15 position-relative\">\n        <!---->\n        <div class=\"h-row justify-content-lg-center justify-content-md-center justify-content-center align-items-lg-stretch align-items-md-stretch align-items-stretch gutters-col-lg-2 gutters-col-md-2 gutters-col-0 gutters-col-v-lg-2 gutters-col-v-md-2 gutters-col-v-2\">\n          <!---->\n          <div class=\"h-column h-column-container d-flex h-col-lg-auto h-col-md-auto h-col-auto style-925-outer style-local-2265-c16-outer\">\n            <div data-colibri-id=\"2265-c16\" class=\"d-flex h-flex-basis h-column__inner h-px-lg-2 h-px-md-2 h-px-2 v-inner-lg-2 v-inner-md-2 v-inner-2 style-925 style-local-2265-c16 position-relative\">\n              <!---->\n              <!---->\n              <div class=\"w-100 h-y-container h-column__content h-column__v-align flex-basis-100 align-self-lg-start align-self-md-start align-self-start\">\n                <!---->\n                <div data-colibri-id=\"2265-c17\" class=\"h-text h-text-component style-926 style-local-2265-c17 position-relative h-element\">\n                  <!---->\n                  <!---->\n                  <div class=\"\">\n                    <p>Hostel One \u2013 H1 je \u00faplne prv\u00fd hostel v&nbsp;Pre\u0161ove. Je to modern\u00fd mestsk\u00fd hostel so v\u0161etk\u00fdm, \u010do po\u010das ubytovania budete potrebova\u0165. Je situovan\u00fd v&nbsp;najlep\u0161ej \u010dasti centra mesta, kde je mno\u017estvo ob\u010dianskej vybavenosti hlavne v\u0161ak\n                      barov, kaviarn\u00ed a&nbsp;re\u0161taur\u00e1cii. Tento hostel patr\u00ed pod sie\u0165 Retro Apartments a&nbsp;taktie\u017e s\u00eddli v&nbsp;pr\u00edzem\u00ed budovy Retro Apartments BOSAK.<\/p>\n                    <p>Retro Apartments je sie\u0165 penzi\u00f3nov a&nbsp;apartm\u00e1nov na pren\u00e1jom v&nbsp;pr\u00edjemnom retro designe s&nbsp;modern\u00fdmi funk\u010dn\u00fdmi prvkami. Na\u0161e prev\u00e1dzky n\u00e1jdete v\u017edy vo vych\u00fdren\u00fdch lokalit\u00e1ch centier miest v&nbsp;zrekon\u0161truovan\u00fdch historick\u00fdch\n                      budov\u00e1ch. Ka\u017ed\u00e1 z&nbsp;nich je ozdobou n\u00e1\u0161ho kr\u00e1sneho Slovenska a&nbsp;m\u00e1 svoj vlastn\u00fd pr\u00edbeh. Ka\u017ed\u00e1 je in\u00e1 a&nbsp;v\u00fdnimo\u010dn\u00e1 nie\u010d\u00edm in\u00fdm. Av\u0161ak zariadenie, n\u00e1bytok, postele, matrace a aj in\u00e9 doplnky s\u00fa vo v\u0161etk\u00fdch na\u0161ich apartm\u00e1noch\n                      rovnak\u00e9. Ak n\u00e1s nav\u0161t\u00edvite kdeko\u013evek, st\u00e1le n\u00e1jdete rovnak\u00fa kvalitu ubytovania a&nbsp;slu\u017eieb. Vo v\u00fdhodn\u00fdch cen\u00e1ch poskytujeme na\u0161im hos\u0165om to najlep\u0161ie z&nbsp;profesion\u00e1lneho hotelov\u00e9ho sveta. V\u017edy s&nbsp;rados\u0165ou a pokorou sme\n                      pripraven\u00ed posl\u00fa\u017ei\u0165. \u010eakujeme V\u00e1m za prejaven\u00fa d\u00f4veru. (www.retroapartments.sk)<\/p>\n                    <p><span style=\"font-weight: 400; color: rgb(123, 139, 165); font-family: &quot;Open Sans&quot;; font-size: 101%;\"> <\/span><\/p>\n                  <\/div>\n                <\/div>\n              <\/div>\n            <\/div>\n          <\/div>\n          <div class=\"h-column h-column-container d-flex h-col-lg-auto h-col-md-auto h-col-auto style-931-outer style-local-2265-c18-outer\">\n            <div data-colibri-id=\"2265-c18\" class=\"d-flex h-flex-basis h-column__inner h-px-lg-2 h-px-md-2 h-px-2 v-inner-lg-2 v-inner-md-2 v-inner-2 style-931 style-local-2265-c18 position-relative\">\n              <!---->\n              <!---->\n              <div class=\"w-100 h-y-container h-column__content h-column__v-align flex-basis-100 align-self-lg-start align-self-md-start align-self-start\">\n                <!---->\n                <div data-colibri-id=\"2265-c19\" class=\"d-block style-933 style-local-2265-c19 position-relative h-element\">\n                  <!---->\n                  <div class=\"h-image__frame-container-outer\">\n                    <div class=\"h-image__frame-container\">\n                      <!---->\n                      <!---->\n                      <img loading=\"lazy\" decoding=\"async\" width=\"1920\" height=\"1281\" src=\"https:\/\/www.hostelpresov.sk\/wp-content\/uploads\/2021\/12\/IVN_2744-copy.jpg\" class=\"wp-image-2264 style-933-image style-local-2265-c19-image\" alt=\"\" srcset=\"https:\/\/www.hostelpresov.sk\/wp-content\/uploads\/2021\/12\/IVN_2744-copy.jpg 1920w, https:\/\/www.hostelpresov.sk\/wp-content\/uploads\/2021\/12\/IVN_2744-copy-300x200.jpg 300w, https:\/\/www.hostelpresov.sk\/wp-content\/uploads\/2021\/12\/IVN_2744-copy-1024x683.jpg 1024w, https:\/\/www.hostelpresov.sk\/wp-content\/uploads\/2021\/12\/IVN_2744-copy-768x512.jpg 768w, https:\/\/www.hostelpresov.sk\/wp-content\/uploads\/2021\/12\/IVN_2744-copy-1536x1025.jpg 1536w\" sizes=\"auto, (max-width: 1920px) 100vw, 1920px\" \/>\n                      <div class=\"h-image__frame h-hide-lg h-hide-md h-hide-sm style-933-frameImage style-local-2265-c19-frameImage\"><\/div>\n                    <\/div>\n                  <\/div>\n                <\/div>\n              <\/div>\n            <\/div>\n          <\/div>\n        <\/div>\n      <\/div>\n    <\/div>\n  <\/div>\n  <div data-colibri-component=\"section\" data-colibri-id=\"2265-c8\" id=\"custom-2\" class=\"h-section h-section-global-spacing d-flex align-items-lg-center align-items-md-center align-items-center style-922 style-local-2265-c8 position-relative\">\n    <!---->\n    <!---->\n    <div class=\"h-section-grid-container h-section-boxed-container\">\n      <!---->\n      <div data-colibri-id=\"2265-c9\" class=\"h-row-container gutters-row-lg-2 gutters-row-md-2 gutters-row-0 gutters-row-v-lg-2 gutters-row-v-md-2 gutters-row-v-2 style-923 style-local-2265-c9 position-relative\">\n        <!---->\n        <div class=\"h-row justify-content-lg-center justify-content-md-center justify-content-center align-items-lg-stretch align-items-md-stretch align-items-stretch gutters-col-lg-2 gutters-col-md-2 gutters-col-0 gutters-col-v-lg-2 gutters-col-v-md-2 gutters-col-v-2\">\n          <!---->\n          <div class=\"h-column h-column-container d-flex h-col-lg-auto h-col-md-auto h-col-auto style-924-outer style-local-2265-c10-outer\">\n            <div data-colibri-id=\"2265-c10\" class=\"d-flex h-flex-basis h-column__inner h-px-lg-2 h-px-md-2 h-px-2 v-inner-lg-2 v-inner-md-2 v-inner-2 style-924 style-local-2265-c10 position-relative\">\n              <!---->\n              <!---->\n              <div class=\"w-100 h-y-container h-column__content h-column__v-align flex-basis-100 align-self-lg-start align-self-md-start align-self-start\">\n                <!---->\n                <div data-colibri-id=\"2265-c11\" class=\"d-block style-927 style-local-2265-c11 position-relative h-element\">\n                  <!---->\n                  <div class=\"h-image__frame-container-outer\">\n                    <div class=\"h-image__frame-container\">\n                      <!---->\n                      <!---->\n                      <img loading=\"lazy\" decoding=\"async\" width=\"1920\" height=\"1281\" src=\"https:\/\/www.hostelpresov.sk\/wp-content\/uploads\/2021\/12\/IVN_2735-HDR.jpg\" class=\"wp-image-2282 style-927-image style-local-2265-c11-image\" alt=\"\" srcset=\"https:\/\/www.hostelpresov.sk\/wp-content\/uploads\/2021\/12\/IVN_2735-HDR.jpg 1920w, https:\/\/www.hostelpresov.sk\/wp-content\/uploads\/2021\/12\/IVN_2735-HDR-300x200.jpg 300w, https:\/\/www.hostelpresov.sk\/wp-content\/uploads\/2021\/12\/IVN_2735-HDR-1024x683.jpg 1024w, https:\/\/www.hostelpresov.sk\/wp-content\/uploads\/2021\/12\/IVN_2735-HDR-768x512.jpg 768w, https:\/\/www.hostelpresov.sk\/wp-content\/uploads\/2021\/12\/IVN_2735-HDR-1536x1025.jpg 1536w\" sizes=\"auto, (max-width: 1920px) 100vw, 1920px\" \/>\n                      <div class=\"h-image__frame h-hide-lg h-hide-md h-hide-sm style-927-frameImage style-local-2265-c11-frameImage\"><\/div>\n                    <\/div>\n                  <\/div>\n                <\/div>\n              <\/div>\n            <\/div>\n          <\/div>\n          <div class=\"h-column h-column-container d-flex h-col-lg-auto h-col-md-auto h-col-auto style-925-outer style-local-2265-c12-outer\">\n            <div data-colibri-id=\"2265-c12\" class=\"d-flex h-flex-basis h-column__inner h-px-lg-2 h-px-md-2 h-px-2 v-inner-lg-2 v-inner-md-2 v-inner-2 style-925 style-local-2265-c12 position-relative\">\n              <!---->\n              <!---->\n              <div class=\"w-100 h-y-container h-column__content h-column__v-align flex-basis-100 align-self-lg-start align-self-md-start align-self-start\">\n                <!---->\n                <div data-colibri-id=\"2265-c13\" class=\"h-text h-text-component style-926 style-local-2265-c13 position-relative h-element\">\n                  <!---->\n                  <!---->\n                  <div class=\"\">\n                    <p><span style=\"font-family: &quot;Open Sans&quot;;\">BOSAK z&nbsp;dielne Retro Apartments sa nach\u00e1dza v&nbsp;centre mesta Pre\u0161ov v&nbsp;bl\u00edzkosti jeho historick\u00e9ho jadra. V&nbsp;historickej budove, ktor\u00e1 bola postaven\u00e1 v&nbsp;roku 1923 je situovan\u00fdch 15 apartm\u00e1nov na 3 podla\u017eiach. \u00dadajne ju postavil svojho \u010dasu najbohat\u0161\u00ed Slov\u00e1k Michal Bos\u00e1k, ktor\u00fd je ako jedin\u00fd Slov\u00e1k podp\u00edsan\u00fd na 10 dol\u00e1rovej bankovke. V&nbsp;Pre\u0161ove je postaven\u00e1 aj Bos\u00e1kov\u00e1 banka, zamestnanci jeho banky v&nbsp;minulosti b\u00fdvali pr\u00e1ve v&nbsp;tejto budove. Prv\u00e9 dve podla\u017eia pon\u00fakaj\u00fa rozlohou sk\u00f4r v\u00e4\u010d\u0161ie apartm\u00e1ny s&nbsp;vysok\u00fdmi barokov\u00fdmi stropmi od 30 a\u017e do 90m2. V\u0161etky maj\u00fa vlastn\u00fa k\u00fape\u013e\u0148u a&nbsp;vlastn\u00fa kuchy\u0148u alebo kuchynsk\u00fd k\u00fat. Podkrovn\u00e9 apartm\u00e1ny s\u00fa men\u0161ie od 20 do 35m2 so stre\u0161n\u00fdmi oknami, av\u0161ak aj tieto s\u00fa vybaven\u00e9 vlastn\u00fdmi k\u00fape\u013e\u0148ami aj kuchy\u0148ami so v\u0161etk\u00fdm potrebn\u00fdm vybaven\u00edm. Celkov\u00e1 kapacita je 36 l\u00f4\u017eok. Pre najmen\u0161\u00edch sme pripravili aj rodinn\u00e9 izby s&nbsp;detsk\u00fdmi postie\u013ekami. Len p\u00e1r krokov od apartm\u00e1nov n\u00e1jdete Flori\u00e1nov\u00fa ulicu. Vstupom popod obl\u00fakovit\u00fa klenbu sa dostanete do v\u00fdkladnej skrine Pre\u0161ovsk\u00e9ho verejn\u00e9ho \u017eivota. V&nbsp;noci alebo aj cez de\u0148, cez t\u00fd\u017ede\u0148 alebo aj cez v\u00edkend. Jednoducho v\u017edy je tu kopec \u013eud\u00ed. Mno\u017estvo barov, re\u0161taur\u00e1cii, pizz\u00e9rii, kaviarn\u00ed a&nbsp;ter\u00e1s lemuj\u00facich t\u00fato ulicu, ktor\u00e1 vo V\u00e1s&nbsp;vytvor\u00ed okam\u017eit\u00fd a nezabudnute\u013en\u00fd dovolenkov\u00fd o\u0161ia\u013e. Oddychujte, jedzte, pite a&nbsp;zab\u00e1vajte sa&#8230;<\/span><\/p>\n                  <\/div>\n                <\/div>\n              <\/div>\n            <\/div>\n          <\/div>\n        <\/div>\n      <\/div>\n    <\/div>\n  <\/div>\n  <div data-colibri-component=\"section\" data-colibri-id=\"2265-c20\" id=\"custom-3\" class=\"h-section h-section-global-spacing d-flex align-items-lg-center align-items-md-center align-items-center style-928 style-local-2265-c20 position-relative\">\n    <!---->\n    <!---->\n    <div class=\"h-section-grid-container h-section-boxed-container\">\n      <!---->\n      <div data-colibri-id=\"2265-c21\" class=\"h-row-container gutters-row-lg-2 gutters-row-md-2 gutters-row-0 gutters-row-v-lg-2 gutters-row-v-md-2 gutters-row-v-2 style-929 style-local-2265-c21 position-relative\">\n        <!---->\n        <div class=\"h-row justify-content-lg-center justify-content-md-center justify-content-center align-items-lg-stretch align-items-md-stretch align-items-stretch gutters-col-lg-2 gutters-col-md-2 gutters-col-0 gutters-col-v-lg-2 gutters-col-v-md-2 gutters-col-v-2\">\n          <!---->\n          <div class=\"h-column h-column-container d-flex h-col-lg-auto h-col-md-auto h-col-auto style-930-outer style-local-2265-c22-outer\">\n            <div data-colibri-id=\"2265-c22\" class=\"d-flex h-flex-basis h-column__inner h-px-lg-2 h-px-md-2 h-px-2 v-inner-lg-2 v-inner-md-2 v-inner-2 style-930 style-local-2265-c22 position-relative\">\n              <!---->\n              <!---->\n              <div class=\"w-100 h-y-container h-column__content h-column__v-align flex-basis-100 align-self-lg-start align-self-md-start align-self-start\">\n                <!---->\n                <div data-colibri-id=\"2265-c23\" class=\"h-text h-text-component style-926 style-local-2265-c23 position-relative h-element\">\n                  <!---->\n                  <!---->\n                  <div class=\"\">\n                    <p><span style=\"font-weight: 400; color: rgb(123, 139, 165); font-family: &quot;Open Sans&quot;; font-size: 101%;\">Mesto Pre\u0161ov le\u017e\u00ed v centr\u00e1lnej \u010dasti v\u00fdchodn\u00e9ho Slovenska, v Ko\u0161ickej kotline a na v\u00fdchodnom okraji \u0160ari\u0161skej vrchoviny, pri\u010dom ho obklopuj\u00fa Sl\u00e1nske vrchy a \u0160ari\u0161sk\u00e1 vrchovina. Cez mesto pretekaj\u00fa rieky Torysa a Sek\u010dov. Nadmorsk\u00e1 v\u00fd\u0161ka historick\u00e9ho centra je pribli\u017ene 255 m.n.m. Priemern\u00e1 ro\u010dn\u00e1 teplota v meste je 8,6o C. Mesto Pre\u0161ov, s po\u010dtom obyvate\u013eov okolo 100 tis\u00edc je tret\u00edm najv\u00e4\u010d\u0161\u00edm mestom Slovenskej republiky. S\u00eddlia v \u0148om viacer\u00e9 krajsk\u00e9 org\u00e1ny a z\u00e1rove\u0148 je spr\u00e1vnym centrom Pre\u0161ovsk\u00e9ho samospr\u00e1vneho kraja, ktor\u00fd je najv\u00e4\u010d\u0161\u00ed v r\u00e1mci Slovenska. Pre\u0161ov m\u00e1 v\u00fdhodn\u00fa dopravn\u00fa polohu na tradi\u010dnej kri\u017eovatke ciest ved\u00facich zo z\u00e1padu na v\u00fdchod a zo severu na juh. Cez \u00fazemie mesta ved\u00fa viacer\u00e9 d\u00f4le\u017eit\u00e9 medzin\u00e1rodn\u00e9 cestn\u00e9 a \u017eelezni\u010dn\u00e9 trate smerom do Po\u013eska a na Ukrajinu. Najbli\u017e\u0161\u00edmi ve\u013ekomestami s\u00fa: Ko\u0161ice &#8211; 38 km, U\u017ehorod &#8211; 96 km, Mi\u0161kolc &#8211; 115 km, Tarnow &#8211; 128 km, Budape\u0161\u0165 &#8211; 250 km, Bratislava &#8211; 345 km. Kult\u00fara m\u00e1 v meste bohat\u00fa trad\u00edciu a hist\u00f3riu. Nach\u00e1dza sa tu jedno z najlep\u0161\u00edch s\u00fa\u010dasn\u00fdch divadiel na Slovensku &#8211; Divadlo Jon\u00e1\u0161a Z\u00e1borsk\u00e9ho, ktor\u00e9 je vzdialen\u00e9 od n\u00e1\u0161ho penzi\u00f3nu len 5 min\u00fat cesty pe\u0161o. Pre\u0161ov je tie\u017e s\u00eddlom m\u00fazea v\u00edn, kde sa nach\u00e1dzaj\u00fa viacer\u00e9 zauj\u00edmav\u00e9 expon\u00e1ty, toto je vzdialen\u00e9 len 10 min\u00fat pe\u0161o od n\u00e1\u0161ho penzi\u00f3nu. Ka\u017edoro\u010dne sa v meste usporad\u00fava pomerne ve\u013ea rozli\u010dn\u00fdch kult\u00farnych akci\u00ed, nielen na \u00farovni region\u00e1lnej, ale tie\u017e n\u00e1rodnej a medzin\u00e1rodnej. Najzn\u00e1mej\u0161\u00edmi s\u00fa Medzin\u00e1rodn\u00e1 s\u00fa\u0165a\u017e v prehliadke v\u00edn &#8211; Muvina, Festival skup\u00edn historick\u00e9ho \u0161ermu, ale tie\u017e Pre\u0161ovsk\u00e1 hudobn\u00e1 jese\u0148, JAZZ Pre\u0161ov, Dni mesta Pre\u0161ov alebo environment\u00e1lne zameran\u00fd de\u0148 &#8211; tzv. De\u0148 Zeme. Historick\u00e9 jadro mesta je n\u00e1rodnou kult\u00farnou pamiatkou (v meste sa nach\u00e1dza takmer 400 objektov, ktor\u00e9 s\u00fa zap\u00edsan\u00e9 ako n\u00e1rodn\u00e9 kult\u00farne pamiatky). Jadro mesta bolo za mestsk\u00fa pamiatkov\u00fa rezerv\u00e1ciu vyhl\u00e1sen\u00e9 v roku 1955, pri\u010dom najm\u00e4 v poslednom obdob\u00ed pre\u0161lo rozsiahlou rekon\u0161trukciou. <\/span><\/p>\n                  <\/div>\n                <\/div>\n              <\/div>\n            <\/div>\n          <\/div>\n          <div class=\"h-column h-column-container d-flex h-col-lg-auto h-col-md-auto h-col-auto style-931-outer style-local-2265-c24-outer\">\n            <div data-colibri-id=\"2265-c24\" class=\"d-flex h-flex-basis h-column__inner h-px-lg-2 h-px-md-2 h-px-2 v-inner-lg-2 v-inner-md-2 v-inner-2 style-931 style-local-2265-c24 position-relative\">\n              <!---->\n              <!---->\n              <div class=\"w-100 h-y-container h-column__content h-column__v-align flex-basis-100 align-self-lg-start align-self-md-start align-self-start\">\n                <!---->\n                <div data-colibri-id=\"2265-c25\" class=\"d-block style-933 style-local-2265-c25 position-relative h-element\">\n                  <!---->\n                  <div class=\"h-image__frame-container-outer\">\n                    <div class=\"h-image__frame-container\">\n                      <!---->\n                      <!---->\n                      <img loading=\"lazy\" decoding=\"async\" width=\"1200\" height=\"800\" src=\"https:\/\/www.hostelpresov.sk\/wp-content\/uploads\/2021\/12\/3706167_1200x.jpeg\" class=\"wp-image-2297 style-933-image style-local-2265-c25-image\" alt=\"\" srcset=\"https:\/\/www.hostelpresov.sk\/wp-content\/uploads\/2021\/12\/3706167_1200x.jpeg 1200w, https:\/\/www.hostelpresov.sk\/wp-content\/uploads\/2021\/12\/3706167_1200x-300x200.jpeg 300w, https:\/\/www.hostelpresov.sk\/wp-content\/uploads\/2021\/12\/3706167_1200x-1024x683.jpeg 1024w, https:\/\/www.hostelpresov.sk\/wp-content\/uploads\/2021\/12\/3706167_1200x-768x512.jpeg 768w\" sizes=\"auto, (max-width: 1200px) 100vw, 1200px\" \/>\n                      <div class=\"h-image__frame h-hide-lg h-hide-md h-hide-sm style-933-frameImage style-local-2265-c25-frameImage\"><\/div>\n                    <\/div>\n                  <\/div>\n                <\/div>\n              <\/div>\n            <\/div>\n          <\/div>\n        <\/div>\n      <\/div>\n    <\/div>\n  <\/div>\n<\/div>","protected":false},"excerpt":{"rendered":"<p>Hostel One \u2013 H1 je \u00faplne prv\u00fd hostel v&nbsp;Pre\u0161ove. Je to modern\u00fd mestsk\u00fd hostel so v\u0161etk\u00fdm, \u010do po\u010das ubytovania budete potrebova\u0165. Je situovan\u00fd v&nbsp;najlep\u0161ej \u010dasti centra mesta, kde je mno\u017estvo ob\u010dianskej vybavenosti hlavne v\u0161ak barov, kaviarn\u00ed a&nbsp;re\u0161taur\u00e1cii. Tento hostel patr\u00ed pod sie\u0165 Retro Apartments a&nbsp;taktie\u017e s\u00eddli v&nbsp;pr\u00edzem\u00ed budovy Retro Apartments BOSAK. Retro Apartments je sie\u0165 [&hellip;]<\/p>\n","protected":false},"author":2,"featured_media":0,"parent":0,"menu_order":0,"comment_status":"closed","ping_status":"closed","template":"page-templates\/full-width-page.php","meta":{"_monsterinsights_skip_tracking":false,"_monsterinsights_sitenote_active":false,"_monsterinsights_sitenote_note":"","_monsterinsights_sitenote_category":0,"footnotes":""},"class_list":["post-2265","page","type-page","status-publish","hentry"],"_links":{"self":[{"href":"https:\/\/www.hostelpresov.sk\/index.php\/wp-json\/wp\/v2\/pages\/2265","targetHints":{"allow":["GET"]}}],"collection":[{"href":"https:\/\/www.hostelpresov.sk\/index.php\/wp-json\/wp\/v2\/pages"}],"about":[{"href":"https:\/\/www.hostelpresov.sk\/index.php\/wp-json\/wp\/v2\/types\/page"}],"author":[{"embeddable":true,"href":"https:\/\/www.hostelpresov.sk\/index.php\/wp-json\/wp\/v2\/users\/2"}],"replies":[{"embeddable":true,"href":"https:\/\/www.hostelpresov.sk\/index.php\/wp-json\/wp\/v2\/comments?post=2265"}],"version-history":[{"count":6,"href":"https:\/\/www.hostelpresov.sk\/index.php\/wp-json\/wp\/v2\/pages\/2265\/revisions"}],"predecessor-version":[{"id":2418,"href":"https:\/\/www.hostelpresov.sk\/index.php\/wp-json\/wp\/v2\/pages\/2265\/revisions\/2418"}],"wp:attachment":[{"href":"https:\/\/www.hostelpresov.sk\/index.php\/wp-json\/wp\/v2\/media?parent=2265"}],"curies":[{"name":"wp","href":"https:\/\/api.w.org\/{rel}","templated":true}]}}